{"id":699,"date":"2022-08-18T20:12:35","date_gmt":"2022-08-18T20:12:35","guid":{"rendered":"https:\/\/cghoffmanlaw.com\/contactame\/"},"modified":"2022-08-23T18:12:03","modified_gmt":"2022-08-23T18:12:03","slug":"contactame","status":"publish","type":"page","link":"https:\/\/cghoffmanlaw.com\/es\/contactame\/","title":{"rendered":"Cont\u00e1ctame"},"content":{"rendered":"\t\t<div data-elementor-type=\"wp-page\" data-elementor-id=\"699\" class=\"elementor elementor-699 elementor-437\" data-elementor-post-type=\"page\">\n\t\t\t\t\t\t<section class=\"elementor-section elementor-top-section elementor-element elementor-element-4efdad87 elementor-section-boxed elementor-section-height-default elementor-section-height-default\" data-id=\"4efdad87\" data-element_type=\"section\" data-e-type=\"section\" data-settings=\"{&quot;background_background&quot;:&quot;classic&quot;}\">\n\t\t\t\t\t\t<div class=\"elementor-container elementor-column-gap-default\">\n\t\t\t\t\t<div class=\"elementor-column elementor-col-100 elementor-top-column elementor-element elementor-element-1bca4522\" data-id=\"1bca4522\" data-element_type=\"column\" data-e-type=\"column\">\n\t\t\t<div class=\"elementor-widget-wrap elementor-element-populated\">\n\t\t\t\t\t\t<section class=\"elementor-section elementor-inner-section elementor-element elementor-element-479886ba elementor-section-boxed elementor-section-height-default elementor-section-height-default\" data-id=\"479886ba\" data-element_type=\"section\" data-e-type=\"section\">\n\t\t\t\t\t\t<div class=\"elementor-container elementor-column-gap-default\">\n\t\t\t\t\t<div class=\"elementor-column elementor-col-50 elementor-inner-column elementor-element elementor-element-597a93a\" data-id=\"597a93a\" data-element_type=\"column\" data-e-type=\"column\" data-settings=\"{&quot;background_background&quot;:&quot;classic&quot;}\">\n\t\t\t<div class=\"elementor-widget-wrap elementor-element-populated\">\n\t\t\t\t\t<div class=\"elementor-background-overlay\"><\/div>\n\t\t\t\t\t\t<div class=\"elementor-element elementor-element-15cb6bb5 elementor-widget elementor-widget-elementskit-heading\" data-id=\"15cb6bb5\" data-element_type=\"widget\" data-e-type=\"widget\" data-widget_type=\"elementskit-heading.default\">\n\t\t\t\t<div class=\"elementor-widget-container\">\n\t\t\t\t\t<div class=\"ekit-wid-con\" ><div class=\"ekit-heading elementskit-section-title-wraper text_left   ekit_heading_tablet-   ekit_heading_mobile-\"><h2 class=\"ekit-heading--title elementskit-section-title \">Ponte en contacto<\/h2><div class=\"ekit_heading_separetor_wraper ekit_heading_elementskit-border-divider elementskit-style-long\"><div class=\"elementskit-border-divider elementskit-style-long\"><\/div><\/div><\/div><\/div>\t\t\t\t<\/div>\n\t\t\t\t<\/div>\n\t\t\t\t<div class=\"elementor-element elementor-element-463b914c elementor-widget elementor-widget-icon-box\" data-id=\"463b914c\" data-element_type=\"widget\" data-e-type=\"widget\" data-widget_type=\"icon-box.default\">\n\t\t\t\t<div class=\"elementor-widget-container\">\n\t\t\t\t\t\t\t<div class=\"elementor-icon-box-wrapper\">\n\n\t\t\t\n\t\t\t\t\t\t<div class=\"elementor-icon-box-content\">\n\n\t\t\t\t\t\t\t\t\t<h3 class=\"elementor-icon-box-title\">\n\t\t\t\t\t\t<span  >\n\t\t\t\t\t\t\tGilarranz-Hoffman Law PLLC\t\t\t\t\t\t<\/span>\n\t\t\t\t\t<\/h3>\n\t\t\t\t\n\t\t\t\t\t\t\t\t\t<p class=\"elementor-icon-box-description\">\n\t\t\t\t\t\t916 NW 6th Street Suites C &amp; D.\n<br>Oklahoma City, OK 73106.\t\t\t\t\t<\/p>\n\t\t\t\t\n\t\t\t<\/div>\n\t\t\t\n\t\t<\/div>\n\t\t\t\t\t\t<\/div>\n\t\t\t\t<\/div>\n\t\t\t\t<div class=\"elementor-element elementor-element-35f46a9 elementor-widget elementor-widget-icon-box\" data-id=\"35f46a9\" data-element_type=\"widget\" data-e-type=\"widget\" data-widget_type=\"icon-box.default\">\n\t\t\t\t<div class=\"elementor-widget-container\">\n\t\t\t\t\t\t\t<div class=\"elementor-icon-box-wrapper\">\n\n\t\t\t\n\t\t\t\t\t\t<div class=\"elementor-icon-box-content\">\n\n\t\t\t\t\t\t\t\t\t<h3 class=\"elementor-icon-box-title\">\n\t\t\t\t\t\t<span  >\n\t\t\t\t\t\t\tMailbox\t\t\t\t\t\t<\/span>\n\t\t\t\t\t<\/h3>\n\t\t\t\t\n\t\t\t\t\t\t\t\t\t<p class=\"elementor-icon-box-description\">\n\t\t\t\t\t\t5830 NW Expressway #177.\n<br>Oklahoma City, OK 73132\t\t\t\t\t<\/p>\n\t\t\t\t\n\t\t\t<\/div>\n\t\t\t\n\t\t<\/div>\n\t\t\t\t\t\t<\/div>\n\t\t\t\t<\/div>\n\t\t\t\t<div class=\"elementor-element elementor-element-71bb1aa1 elementor-widget elementor-widget-icon-box\" data-id=\"71bb1aa1\" data-element_type=\"widget\" data-e-type=\"widget\" data-widget_type=\"icon-box.default\">\n\t\t\t\t<div class=\"elementor-widget-container\">\n\t\t\t\t\t\t\t<div class=\"elementor-icon-box-wrapper\">\n\n\t\t\t\n\t\t\t\t\t\t<div class=\"elementor-icon-box-content\">\n\n\t\t\t\t\t\t\t\t\t<h3 class=\"elementor-icon-box-title\">\n\t\t\t\t\t\t<a href=\"tel:4057261075\" >\n\t\t\t\t\t\t\tLlamada telef\u00f3nica\t\t\t\t\t\t<\/a>\n\t\t\t\t\t<\/h3>\n\t\t\t\t\n\t\t\t\t\t\t\t\t\t<p class=\"elementor-icon-box-description\">\n\t\t\t\t\t\t(405)726-1075\t\t\t\t\t<\/p>\n\t\t\t\t\n\t\t\t<\/div>\n\t\t\t\n\t\t<\/div>\n\t\t\t\t\t\t<\/div>\n\t\t\t\t<\/div>\n\t\t\t\t<div class=\"elementor-element elementor-element-4451ac54 elementor-widget elementor-widget-icon-box\" data-id=\"4451ac54\" data-element_type=\"widget\" data-e-type=\"widget\" data-widget_type=\"icon-box.default\">\n\t\t\t\t<div class=\"elementor-widget-container\">\n\t\t\t\t\t\t\t<div class=\"elementor-icon-box-wrapper\">\n\n\t\t\t\n\t\t\t\t\t\t<div class=\"elementor-icon-box-content\">\n\n\t\t\t\t\t\t\t\t\t<h3 class=\"elementor-icon-box-title\">\n\t\t\t\t\t\t<span  >\n\t\t\t\t\t\t\tCorreo Electr\u00f3nico\t\t\t\t\t\t<\/span>\n\t\t\t\t\t<\/h3>\n\t\t\t\t\n\t\t\t\t\t\t\t\t\t<p class=\"elementor-icon-box-description\">\n\t\t\t\t\t\tchristine@cghoffmanlaw.com\t\t\t\t\t<\/p>\n\t\t\t\t\n\t\t\t<\/div>\n\t\t\t\n\t\t<\/div>\n\t\t\t\t\t\t<\/div>\n\t\t\t\t<\/div>\n\t\t\t\t\t<\/div>\n\t\t<\/div>\n\t\t\t\t<div class=\"elementor-column elementor-col-50 elementor-inner-column elementor-element elementor-element-646917e3\" data-id=\"646917e3\" data-element_type=\"column\" data-e-type=\"column\" data-settings=\"{&quot;background_background&quot;:&quot;classic&quot;}\">\n\t\t\t<div class=\"elementor-widget-wrap elementor-element-populated\">\n\t\t\t\t\t\t<div class=\"elementor-element elementor-element-53d7f460 elementor-widget elementor-widget-heading\" data-id=\"53d7f460\" data-element_type=\"widget\" data-e-type=\"widget\" data-widget_type=\"heading.default\">\n\t\t\t\t<div class=\"elementor-widget-container\">\n\t\t\t\t\t<h2 class=\"elementor-heading-title elementor-size-default\">Cu\u00e9ntame m\u00e1s sobre tu caso y me pondr\u00e9 en contacto contigo.<\/h2>\t\t\t\t<\/div>\n\t\t\t\t<\/div>\n\t\t\t\t<div class=\"elementor-element elementor-element-67aebf5f elementor-widget-divider--view-line elementor-widget elementor-widget-divider\" data-id=\"67aebf5f\" data-element_type=\"widget\" data-e-type=\"widget\" data-widget_type=\"divider.default\">\n\t\t\t\t<div class=\"elementor-widget-container\">\n\t\t\t\t\t\t\t<div class=\"elementor-divider\">\n\t\t\t<span class=\"elementor-divider-separator\">\n\t\t\t\t\t\t<\/span>\n\t\t<\/div>\n\t\t\t\t\t\t<\/div>\n\t\t\t\t<\/div>\n\t\t\t\t<div class=\"elementor-element elementor-element-7eef9311 elementor-button-align-stretch elementor-widget elementor-widget-form\" data-id=\"7eef9311\" data-element_type=\"widget\" data-e-type=\"widget\" data-settings=\"{&quot;step_next_label&quot;:&quot;Siguiente&quot;,&quot;step_previous_label&quot;:&quot;Anterior&quot;,&quot;button_width&quot;:&quot;100&quot;,&quot;step_type&quot;:&quot;number_text&quot;,&quot;step_icon_shape&quot;:&quot;circle&quot;}\" data-widget_type=\"form.default\">\n\t\t\t\t<div class=\"elementor-widget-container\">\n\t\t\t\t\t\t\t<form class=\"elementor-form\" method=\"post\" name=\"New Form\" aria-label=\"New Form\">\n\t\t\t<input type=\"hidden\" name=\"post_id\" value=\"699\"\/>\n\t\t\t<input type=\"hidden\" name=\"form_id\" value=\"7eef9311\"\/>\n\t\t\t<input type=\"hidden\" name=\"referer_title\" value=\"CG&amp;H Law\" \/>\n\n\t\t\t\n\t\t\t<div class=\"elementor-form-fields-wrapper elementor-labels-\">\n\t\t\t\t\t\t\t\t<div class=\"elementor-field-type-text elementor-field-group elementor-column elementor-field-group-name elementor-col-100\">\n\t\t\t\t\t\t\t\t\t\t\t\t<label for=\"form-field-name\" class=\"elementor-field-label elementor-screen-only\">\n\t\t\t\t\t\t\t\tNombre\t\t\t\t\t\t\t<\/label>\n\t\t\t\t\t\t\t\t\t\t\t\t\t\t<input size=\"1\" type=\"text\" name=\"form_fields[name]\" id=\"form-field-name\" class=\"elementor-field elementor-size-md  elementor-field-textual\" placeholder=\"Nombre\">\n\t\t\t\t\t\t\t\t\t\t\t<\/div>\n\t\t\t\t\t\t\t\t<div class=\"elementor-field-type-tel elementor-field-group elementor-column elementor-field-group-field_f0f576b elementor-col-100\">\n\t\t\t\t\t\t\t\t\t\t\t\t<label for=\"form-field-field_f0f576b\" class=\"elementor-field-label elementor-screen-only\">\n\t\t\t\t\t\t\t\tTel\u00e9fono\t\t\t\t\t\t\t<\/label>\n\t\t\t\t\t\t\t\t<input size=\"1\" type=\"tel\" name=\"form_fields[field_f0f576b]\" id=\"form-field-field_f0f576b\" class=\"elementor-field elementor-size-md  elementor-field-textual\" placeholder=\"Tel\u00e9fono\" pattern=\"[0-9()#&amp;+*-=.]+\" title=\"Solo se aceptan n\u00fameros y caracteres de tel\u00e9fono (#,-,*,etc).\">\n\n\t\t\t\t\t\t<\/div>\n\t\t\t\t\t\t\t\t<div class=\"elementor-field-type-email elementor-field-group elementor-column elementor-field-group-email elementor-col-100 elementor-field-required\">\n\t\t\t\t\t\t\t\t\t\t\t\t<label for=\"form-field-email\" class=\"elementor-field-label elementor-screen-only\">\n\t\t\t\t\t\t\t\tCorreo Electr\u00f3nico\t\t\t\t\t\t\t<\/label>\n\t\t\t\t\t\t\t\t\t\t\t\t\t\t<input size=\"1\" type=\"email\" name=\"form_fields[email]\" id=\"form-field-email\" class=\"elementor-field elementor-size-md  elementor-field-textual\" placeholder=\"Correo Electr\u00f3nico\" required=\"required\">\n\t\t\t\t\t\t\t\t\t\t\t<\/div>\n\t\t\t\t\t\t\t\t<div class=\"elementor-field-type-textarea elementor-field-group elementor-column elementor-field-group-message elementor-col-100\">\n\t\t\t\t\t\t\t\t\t\t\t\t<label for=\"form-field-message\" class=\"elementor-field-label elementor-screen-only\">\n\t\t\t\t\t\t\t\tMensaje adicional\t\t\t\t\t\t\t<\/label>\n\t\t\t\t\t\t<textarea class=\"elementor-field-textual elementor-field  elementor-size-md\" name=\"form_fields[message]\" id=\"form-field-message\" rows=\"4\" placeholder=\"\u00bfCu\u00e1l es tu historia?\"><\/textarea>\t\t\t\t<\/div>\n\t\t\t\t\t\t\t\t<div class=\"elementor-field-group elementor-column elementor-field-type-submit elementor-col-100 e-form__buttons\">\n\t\t\t\t\t<button class=\"elementor-button elementor-size-md\" type=\"submit\">\n\t\t\t\t\t\t<span class=\"elementor-button-content-wrapper\">\n\t\t\t\t\t\t\t\t\t\t\t\t\t\t\t\t\t\t\t\t\t\t<span class=\"elementor-button-text\">Enviar Mensaje<\/span>\n\t\t\t\t\t\t\t\t\t\t\t\t\t<\/span>\n\t\t\t\t\t<\/button>\n\t\t\t\t<\/div>\n\t\t\t<\/div>\n\t\t<\/form>\n\t\t\t\t\t\t<\/div>\n\t\t\t\t<\/div>\n\t\t\t\t\t<\/div>\n\t\t<\/div>\n\t\t\t\t\t<\/div>\n\t\t<\/section>\n\t\t\t\t\t<\/div>\n\t\t<\/div>\n\t\t\t\t\t<\/div>\n\t\t<\/section>\n\t\t\t\t<section class=\"elementor-section elementor-top-section elementor-element elementor-element-5fc5a463 elementor-section-full_width elementor-section-height-default elementor-section-height-default\" data-id=\"5fc5a463\" data-element_type=\"section\" data-e-type=\"section\">\n\t\t\t\t\t\t<div class=\"elementor-container elementor-column-gap-default\">\n\t\t\t\t\t<div class=\"elementor-column elementor-col-100 elementor-top-column elementor-element elementor-element-336dd33a\" data-id=\"336dd33a\" data-element_type=\"column\" data-e-type=\"column\">\n\t\t\t<div class=\"elementor-widget-wrap elementor-element-populated\">\n\t\t\t\t\t\t<div class=\"elementor-element elementor-element-4719b6dd elementor-widget elementor-widget-google_maps\" data-id=\"4719b6dd\" data-element_type=\"widget\" data-e-type=\"widget\" data-widget_type=\"google_maps.default\">\n\t\t\t\t<div class=\"elementor-widget-container\">\n\t\t\t\t\t\t\t<div class=\"elementor-custom-embed\">\n\t\t\t<iframe loading=\"lazy\"\n\t\t\t\t\tsrc=\"https:\/\/maps.google.com\/maps?q=916%20NW%206th%20St&#038;t=m&#038;z=10&#038;output=embed&#038;iwloc=near\"\n\t\t\t\t\ttitle=\"916 NW 6th St\"\n\t\t\t\t\taria-label=\"916 NW 6th St\"\n\t\t\t><\/iframe>\n\t\t<\/div>\n\t\t\t\t\t\t<\/div>\n\t\t\t\t<\/div>\n\t\t\t\t\t<\/div>\n\t\t<\/div>\n\t\t\t\t\t<\/div>\n\t\t<\/section>\n\t\t\t\t<section class=\"elementor-section elementor-top-section elementor-element elementor-element-5a33ca65 elementor-section-content-middle elementor-section-boxed elementor-section-height-default elementor-section-height-default\" data-id=\"5a33ca65\" data-element_type=\"section\" data-e-type=\"section\" data-settings=\"{&quot;background_background&quot;:&quot;classic&quot;}\">\n\t\t\t\t\t\t<div class=\"elementor-container elementor-column-gap-default\">\n\t\t\t\t\t<div class=\"elementor-column elementor-col-50 elementor-top-column elementor-element elementor-element-2c909918\" data-id=\"2c909918\" data-element_type=\"column\" data-e-type=\"column\">\n\t\t\t<div class=\"elementor-widget-wrap elementor-element-populated\">\n\t\t\t\t\t\t<div class=\"elementor-element elementor-element-4e11e885 elementor-position-inline-start elementor-mobile-position-inline-start elementor-view-default elementor-widget elementor-widget-icon-box\" data-id=\"4e11e885\" data-element_type=\"widget\" data-e-type=\"widget\" data-widget_type=\"icon-box.default\">\n\t\t\t\t<div class=\"elementor-widget-container\">\n\t\t\t\t\t\t\t<div class=\"elementor-icon-box-wrapper\">\n\n\t\t\t\t\t\t<div class=\"elementor-icon-box-icon\">\n\t\t\t\t<span  class=\"elementor-icon\">\n\t\t\t\t<svg aria-hidden=\"true\" class=\"e-font-icon-svg e-fas-phone-alt\" viewBox=\"0 0 512 512\" xmlns=\"http:\/\/www.w3.org\/2000\/svg\"><path d=\"M497.39 361.8l-112-48a24 24 0 0 0-28 6.9l-49.6 60.6A370.66 370.66 0 0 1 130.6 204.11l60.6-49.6a23.94 23.94 0 0 0 6.9-28l-48-112A24.16 24.16 0 0 0 122.6.61l-104 24A24 24 0 0 0 0 48c0 256.5 207.9 464 464 464a24 24 0 0 0 23.4-18.6l24-104a24.29 24.29 0 0 0-14.01-27.6z\"><\/path><\/svg>\t\t\t\t<\/span>\n\t\t\t<\/div>\n\t\t\t\n\t\t\t\t\t\t<div class=\"elementor-icon-box-content\">\n\n\t\t\t\t\t\t\t\t\t<h3 class=\"elementor-icon-box-title\">\n\t\t\t\t\t\t<span  >\n\t\t\t\t\t\t\t\u00a1Agenda tu consulta YA!\t\t\t\t\t\t<\/span>\n\t\t\t\t\t<\/h3>\n\t\t\t\t\n\t\t\t\t\t\t\t\t\t<p class=\"elementor-icon-box-description\">\n\t\t\t\t\t\tLl\u00e1mame y estudiaremos tu caso.\n\t\t\t\t\t<\/p>\n\t\t\t\t\n\t\t\t<\/div>\n\t\t\t\n\t\t<\/div>\n\t\t\t\t\t\t<\/div>\n\t\t\t\t<\/div>\n\t\t\t\t\t<\/div>\n\t\t<\/div>\n\t\t\t\t<div class=\"elementor-column elementor-col-50 elementor-top-column elementor-element elementor-element-6a5a3b1e\" data-id=\"6a5a3b1e\" data-element_type=\"column\" data-e-type=\"column\">\n\t\t\t<div class=\"elementor-widget-wrap elementor-element-populated\">\n\t\t\t\t\t\t<div class=\"elementor-element elementor-element-8f9c05a elementor-align-right elementor-mobile-align-left elementor-widget elementor-widget-button\" data-id=\"8f9c05a\" data-element_type=\"widget\" data-e-type=\"widget\" data-widget_type=\"button.default\">\n\t\t\t\t<div class=\"elementor-widget-container\">\n\t\t\t\t\t\t\t\t\t<div class=\"elementor-button-wrapper\">\n\t\t\t\t\t<a class=\"elementor-button elementor-button-link elementor-size-md\" href=\"tel:4057261075\">\n\t\t\t\t\t\t<span class=\"elementor-button-content-wrapper\">\n\t\t\t\t\t\t<span class=\"elementor-button-icon\">\n\t\t\t\t<svg aria-hidden=\"true\" class=\"e-font-icon-svg e-fas-phone-alt\" viewBox=\"0 0 512 512\" xmlns=\"http:\/\/www.w3.org\/2000\/svg\"><path d=\"M497.39 361.8l-112-48a24 24 0 0 0-28 6.9l-49.6 60.6A370.66 370.66 0 0 1 130.6 204.11l60.6-49.6a23.94 23.94 0 0 0 6.9-28l-48-112A24.16 24.16 0 0 0 122.6.61l-104 24A24 24 0 0 0 0 48c0 256.5 207.9 464 464 464a24 24 0 0 0 23.4-18.6l24-104a24.29 24.29 0 0 0-14.01-27.6z\"><\/path><\/svg>\t\t\t<\/span>\n\t\t\t\t\t\t\t\t\t<span class=\"elementor-button-text\">(405)726-1075<\/span>\n\t\t\t\t\t<\/span>\n\t\t\t\t\t<\/a>\n\t\t\t\t<\/div>\n\t\t\t\t\t\t\t\t<\/div>\n\t\t\t\t<\/div>\n\t\t\t\t\t<\/div>\n\t\t<\/div>\n\t\t\t\t\t<\/div>\n\t\t<\/section>\n\t\t\t\t<\/div>\n\t\t","protected":false},"excerpt":{"rendered":"<p>Ponte en contacto Gilarranz-Hoffman Law PLLC 916 NW 6th Street Suites C &amp; D. Oklahoma City, OK 73106. Mailbox 5830 NW Expressway #177. Oklahoma City, OK 73132 Llamada telef\u00f3nica (405)726-1075 Correo Electr\u00f3nico christine@cghoffmanlaw.com Cu\u00e9ntame m\u00e1s sobre tu caso y me pondr\u00e9 en contacto contigo. \u00a1Agenda tu consulta YA! Ll\u00e1mame y estudiaremos tu caso. (405)726-1075<\/p>\n","protected":false},"author":1,"featured_media":0,"parent":0,"menu_order":0,"comment_status":"closed","ping_status":"closed","template":"elementor_header_footer","meta":{"footnotes":""},"class_list":["post-699","page","type-page","status-publish","hentry"],"yoast_head":"<!-- This site is optimized with the Yoast SEO plugin v27.5 - https:\/\/yoast.com\/product\/yoast-seo-wordpress\/ -->\n<title>Cont\u00e1ctame - CG&amp;H Law<\/title>\n<meta name=\"robots\" content=\"index, follow, max-snippet:-1, max-image-preview:large, max-video-preview:-1\" \/>\n<link rel=\"canonical\" href=\"https:\/\/cghoffmanlaw.com\/es\/contactame\/\" \/>\n<meta property=\"og:locale\" content=\"es_ES\" \/>\n<meta property=\"og:type\" content=\"article\" \/>\n<meta property=\"og:title\" content=\"Cont\u00e1ctame - CG&amp;H Law\" \/>\n<meta property=\"og:description\" content=\"Ponte en contacto Gilarranz-Hoffman Law PLLC 916 NW 6th Street Suites C &amp; D. Oklahoma City, OK 73106. Mailbox 5830 NW Expressway #177. Oklahoma City, OK 73132 Llamada telef\u00f3nica (405)726-1075 Correo Electr\u00f3nico christine@cghoffmanlaw.com Cu\u00e9ntame m\u00e1s sobre tu caso y me pondr\u00e9 en contacto contigo. \u00a1Agenda tu consulta YA! Ll\u00e1mame y estudiaremos tu caso. (405)726-1075\" \/>\n<meta property=\"og:url\" content=\"https:\/\/cghoffmanlaw.com\/es\/contactame\/\" \/>\n<meta property=\"og:site_name\" content=\"CG&amp;H Law\" \/>\n<meta property=\"article:publisher\" content=\"https:\/\/www.facebook.com\/cghoffmanlaw\" \/>\n<meta property=\"article:modified_time\" content=\"2022-08-23T18:12:03+00:00\" \/>\n<meta property=\"og:image\" content=\"https:\/\/cghoffmanlaw.com\/wp-content\/uploads\/2022\/08\/H.png\" \/>\n\t<meta property=\"og:image:width\" content=\"500\" \/>\n\t<meta property=\"og:image:height\" content=\"300\" \/>\n\t<meta property=\"og:image:type\" content=\"image\/png\" \/>\n<meta name=\"twitter:card\" content=\"summary_large_image\" \/>\n<script type=\"application\/ld+json\" class=\"yoast-schema-graph\">{\"@context\":\"https:\\\/\\\/schema.org\",\"@graph\":[{\"@type\":\"WebPage\",\"@id\":\"https:\\\/\\\/cghoffmanlaw.com\\\/es\\\/contactame\\\/\",\"url\":\"https:\\\/\\\/cghoffmanlaw.com\\\/es\\\/contactame\\\/\",\"name\":\"Cont\u00e1ctame - CG&amp;H Law\",\"isPartOf\":{\"@id\":\"https:\\\/\\\/cghoffmanlaw.com\\\/#website\"},\"datePublished\":\"2022-08-18T20:12:35+00:00\",\"dateModified\":\"2022-08-23T18:12:03+00:00\",\"breadcrumb\":{\"@id\":\"https:\\\/\\\/cghoffmanlaw.com\\\/es\\\/contactame\\\/#breadcrumb\"},\"inLanguage\":\"es\",\"potentialAction\":[{\"@type\":\"ReadAction\",\"target\":[\"https:\\\/\\\/cghoffmanlaw.com\\\/es\\\/contactame\\\/\"]}]},{\"@type\":\"BreadcrumbList\",\"@id\":\"https:\\\/\\\/cghoffmanlaw.com\\\/es\\\/contactame\\\/#breadcrumb\",\"itemListElement\":[{\"@type\":\"ListItem\",\"position\":1,\"name\":\"Home\",\"item\":\"https:\\\/\\\/cghoffmanlaw.com\\\/\"},{\"@type\":\"ListItem\",\"position\":2,\"name\":\"Cont\u00e1ctame\"}]},{\"@type\":\"WebSite\",\"@id\":\"https:\\\/\\\/cghoffmanlaw.com\\\/#website\",\"url\":\"https:\\\/\\\/cghoffmanlaw.com\\\/\",\"name\":\"CG&amp;H Law\",\"description\":\"Gilarranz-Hoffman Law PLLC - Immigration Attorney in Oklahoma\",\"publisher\":{\"@id\":\"https:\\\/\\\/cghoffmanlaw.com\\\/#organization\"},\"potentialAction\":[{\"@type\":\"SearchAction\",\"target\":{\"@type\":\"EntryPoint\",\"urlTemplate\":\"https:\\\/\\\/cghoffmanlaw.com\\\/?s={search_term_string}\"},\"query-input\":{\"@type\":\"PropertyValueSpecification\",\"valueRequired\":true,\"valueName\":\"search_term_string\"}}],\"inLanguage\":\"es\"},{\"@type\":\"Organization\",\"@id\":\"https:\\\/\\\/cghoffmanlaw.com\\\/#organization\",\"name\":\"Gilarranz-Hoffman Law PLLC\",\"url\":\"https:\\\/\\\/cghoffmanlaw.com\\\/\",\"logo\":{\"@type\":\"ImageObject\",\"inLanguage\":\"es\",\"@id\":\"https:\\\/\\\/cghoffmanlaw.com\\\/#\\\/schema\\\/logo\\\/image\\\/\",\"url\":\"https:\\\/\\\/cghoffmanlaw.com\\\/wp-content\\\/uploads\\\/2023\\\/07\\\/cropped-IMG-20230628-WA0007.jpg\",\"contentUrl\":\"https:\\\/\\\/cghoffmanlaw.com\\\/wp-content\\\/uploads\\\/2023\\\/07\\\/cropped-IMG-20230628-WA0007.jpg\",\"width\":1080,\"height\":504,\"caption\":\"Gilarranz-Hoffman Law PLLC\"},\"image\":{\"@id\":\"https:\\\/\\\/cghoffmanlaw.com\\\/#\\\/schema\\\/logo\\\/image\\\/\"},\"sameAs\":[\"https:\\\/\\\/www.facebook.com\\\/cghoffmanlaw\"]}]}<\/script>\n<!-- \/ Yoast SEO plugin. -->","yoast_head_json":{"title":"Cont\u00e1ctame - CG&amp;H Law","robots":{"index":"index","follow":"follow","max-snippet":"max-snippet:-1","max-image-preview":"max-image-preview:large","max-video-preview":"max-video-preview:-1"},"canonical":"https:\/\/cghoffmanlaw.com\/es\/contactame\/","og_locale":"es_ES","og_type":"article","og_title":"Cont\u00e1ctame - CG&amp;H Law","og_description":"Ponte en contacto Gilarranz-Hoffman Law PLLC 916 NW 6th Street Suites C &amp; D. Oklahoma City, OK 73106. Mailbox 5830 NW Expressway #177. Oklahoma City, OK 73132 Llamada telef\u00f3nica (405)726-1075 Correo Electr\u00f3nico christine@cghoffmanlaw.com Cu\u00e9ntame m\u00e1s sobre tu caso y me pondr\u00e9 en contacto contigo. \u00a1Agenda tu consulta YA! Ll\u00e1mame y estudiaremos tu caso. (405)726-1075","og_url":"https:\/\/cghoffmanlaw.com\/es\/contactame\/","og_site_name":"CG&amp;H Law","article_publisher":"https:\/\/www.facebook.com\/cghoffmanlaw","article_modified_time":"2022-08-23T18:12:03+00:00","og_image":[{"width":500,"height":300,"url":"https:\/\/cghoffmanlaw.com\/wp-content\/uploads\/2022\/08\/H.png","type":"image\/png"}],"twitter_card":"summary_large_image","schema":{"@context":"https:\/\/schema.org","@graph":[{"@type":"WebPage","@id":"https:\/\/cghoffmanlaw.com\/es\/contactame\/","url":"https:\/\/cghoffmanlaw.com\/es\/contactame\/","name":"Cont\u00e1ctame - CG&amp;H Law","isPartOf":{"@id":"https:\/\/cghoffmanlaw.com\/#website"},"datePublished":"2022-08-18T20:12:35+00:00","dateModified":"2022-08-23T18:12:03+00:00","breadcrumb":{"@id":"https:\/\/cghoffmanlaw.com\/es\/contactame\/#breadcrumb"},"inLanguage":"es","potentialAction":[{"@type":"ReadAction","target":["https:\/\/cghoffmanlaw.com\/es\/contactame\/"]}]},{"@type":"BreadcrumbList","@id":"https:\/\/cghoffmanlaw.com\/es\/contactame\/#breadcrumb","itemListElement":[{"@type":"ListItem","position":1,"name":"Home","item":"https:\/\/cghoffmanlaw.com\/"},{"@type":"ListItem","position":2,"name":"Cont\u00e1ctame"}]},{"@type":"WebSite","@id":"https:\/\/cghoffmanlaw.com\/#website","url":"https:\/\/cghoffmanlaw.com\/","name":"CG&amp;H Law","description":"Gilarranz-Hoffman Law PLLC - Immigration Attorney in Oklahoma","publisher":{"@id":"https:\/\/cghoffmanlaw.com\/#organization"},"potentialAction":[{"@type":"SearchAction","target":{"@type":"EntryPoint","urlTemplate":"https:\/\/cghoffmanlaw.com\/?s={search_term_string}"},"query-input":{"@type":"PropertyValueSpecification","valueRequired":true,"valueName":"search_term_string"}}],"inLanguage":"es"},{"@type":"Organization","@id":"https:\/\/cghoffmanlaw.com\/#organization","name":"Gilarranz-Hoffman Law PLLC","url":"https:\/\/cghoffmanlaw.com\/","logo":{"@type":"ImageObject","inLanguage":"es","@id":"https:\/\/cghoffmanlaw.com\/#\/schema\/logo\/image\/","url":"https:\/\/cghoffmanlaw.com\/wp-content\/uploads\/2023\/07\/cropped-IMG-20230628-WA0007.jpg","contentUrl":"https:\/\/cghoffmanlaw.com\/wp-content\/uploads\/2023\/07\/cropped-IMG-20230628-WA0007.jpg","width":1080,"height":504,"caption":"Gilarranz-Hoffman Law PLLC"},"image":{"@id":"https:\/\/cghoffmanlaw.com\/#\/schema\/logo\/image\/"},"sameAs":["https:\/\/www.facebook.com\/cghoffmanlaw"]}]}},"_links":{"self":[{"href":"https:\/\/cghoffmanlaw.com\/es\/wp-json\/wp\/v2\/pages\/699","targetHints":{"allow":["GET"]}}],"collection":[{"href":"https:\/\/cghoffmanlaw.com\/es\/wp-json\/wp\/v2\/pages"}],"about":[{"href":"https:\/\/cghoffmanlaw.com\/es\/wp-json\/wp\/v2\/types\/page"}],"author":[{"embeddable":true,"href":"https:\/\/cghoffmanlaw.com\/es\/wp-json\/wp\/v2\/users\/1"}],"replies":[{"embeddable":true,"href":"https:\/\/cghoffmanlaw.com\/es\/wp-json\/wp\/v2\/comments?post=699"}],"version-history":[{"count":1,"href":"https:\/\/cghoffmanlaw.com\/es\/wp-json\/wp\/v2\/pages\/699\/revisions"}],"predecessor-version":[{"id":700,"href":"https:\/\/cghoffmanlaw.com\/es\/wp-json\/wp\/v2\/pages\/699\/revisions\/700"}],"wp:attachment":[{"href":"https:\/\/cghoffmanlaw.com\/es\/wp-json\/wp\/v2\/media?parent=699"}],"curies":[{"name":"wp","href":"https:\/\/api.w.org\/{rel}","templated":true}]}}